{"id":54449,"date":"2025-03-19T14:35:46","date_gmt":"2025-03-19T14:35:46","guid":{"rendered":"https:\/\/keronarms.am\/ceska-zbrojovka-as-cz\/"},"modified":"2025-03-26T11:20:11","modified_gmt":"2025-03-26T11:20:11","slug":"ceska-zbrojovka-as-cz","status":"publish","type":"page","link":"https:\/\/keronarms.am\/en\/ceska-zbrojovka-as-cz\/","title":{"rendered":"Ceska zbrojovka as (CZ)"},"content":{"rendered":"\t\t<div data-elementor-type=\"wp-page\" data-elementor-id=\"54449\" class=\"elementor elementor-54449 elementor-54441\">\n\t\t\t\t<div class=\"elementor-element elementor-element-07245ee sc_layouts_hide_on_wide sc_layouts_hide_on_desktop sc_layouts_hide_on_notebook sc_layouts_hide_on_tablet e-flex e-con-boxed sc_layouts_column_icons_position_left e-con e-parent\" data-id=\"07245ee\" data-element_type=\"container\" data-e-type=\"container\">\n\t\t\t\t\t<div class=\"e-con-inner\">\n\t\t\t\t<div class=\"elementor-element elementor-element-a93075e sc_fly_static elementor-widget elementor-widget-image\" data-id=\"a93075e\" data-element_type=\"widget\" data-e-type=\"widget\" data-widget_type=\"image.default\">\n\t\t\t\t<div class=\"elementor-widget-container\">\n\t\t\t\t\t\t\t\t\t\t\t\t\t\t\t<img decoding=\"async\" src=\"https:\/\/keronarms.am\/wp-content\/uploads\/2025\/03\/CZ-Ceska-zbrojovka_Logo-3.jpg\" title=\"\" alt=\"CZ (\u010cesk\u00e1 zbrojovka) Logo\" loading=\"lazy\" \/>\t\t\t\t\t\t\t\t\t\t\t\t\t\t\t<\/div>\n\t\t\t\t<\/div>\n\t\t\t\t<div class=\"elementor-element elementor-element-5a491e6 sc_fly_static elementor-widget elementor-widget-heading\" data-id=\"5a491e6\" data-element_type=\"widget\" data-e-type=\"widget\" data-widget_type=\"heading.default\">\n\t\t\t\t<div class=\"elementor-widget-container\">\n\t\t\t\t\t<h6 class=\"elementor-heading-title elementor-size-default\">Company name\n<\/h6>\t\t\t\t<\/div>\n\t\t\t\t<\/div>\n\t\t\t\t<div class=\"elementor-element elementor-element-89e7c4b sc_fly_static elementor-widget elementor-widget-text-editor\" data-id=\"89e7c4b\" data-element_type=\"widget\" data-e-type=\"widget\" data-widget_type=\"text-editor.default\">\n\t\t\t\t<div class=\"elementor-widget-container\">\n\t\t\t\t\t\t\t\t\t\u010cesk\u00e1 zbrojovka a.s. (CZ)\t\t\t\t\t\t\t\t<\/div>\n\t\t\t\t<\/div>\n\t\t\t\t<div class=\"elementor-element elementor-element-1cbf12a elementor-widget-divider--view-line sc_fly_static elementor-widget elementor-widget-divider\" data-id=\"1cbf12a\" data-element_type=\"widget\" data-e-type=\"widget\" data-widget_type=\"divider.default\">\n\t\t\t\t<div class=\"elementor-widget-container\">\n\t\t\t\t\t\t\t<div class=\"elementor-divider\">\n\t\t\t<span class=\"elementor-divider-separator\">\n\t\t\t\t\t\t<\/span>\n\t\t<\/div>\n\t\t\t\t\t\t<\/div>\n\t\t\t\t<\/div>\n\t\t\t\t<div class=\"elementor-element elementor-element-d3fa4ed sc_fly_static elementor-widget elementor-widget-heading\" data-id=\"d3fa4ed\" data-element_type=\"widget\" data-e-type=\"widget\" data-widget_type=\"heading.default\">\n\t\t\t\t<div class=\"elementor-widget-container\">\n\t\t\t\t\t<h6 class=\"elementor-heading-title elementor-size-default\">Year of foundation<\/h6>\t\t\t\t<\/div>\n\t\t\t\t<\/div>\n\t\t\t\t<div class=\"elementor-element elementor-element-88ea566 sc_fly_static elementor-widget elementor-widget-text-editor\" data-id=\"88ea566\" data-element_type=\"widget\" data-e-type=\"widget\" data-widget_type=\"text-editor.default\">\n\t\t\t\t<div class=\"elementor-widget-container\">\n\t\t\t\t\t\t\t\t\t<p>1919<\/p>\t\t\t\t\t\t\t\t<\/div>\n\t\t\t\t<\/div>\n\t\t\t\t<div class=\"elementor-element elementor-element-9d594a0 elementor-widget-divider--view-line sc_fly_static elementor-widget elementor-widget-divider\" data-id=\"9d594a0\" data-element_type=\"widget\" data-e-type=\"widget\" data-widget_type=\"divider.default\">\n\t\t\t\t<div class=\"elementor-widget-container\">\n\t\t\t\t\t\t\t<div class=\"elementor-divider\">\n\t\t\t<span class=\"elementor-divider-separator\">\n\t\t\t\t\t\t<\/span>\n\t\t<\/div>\n\t\t\t\t\t\t<\/div>\n\t\t\t\t<\/div>\n\t\t\t\t<div class=\"elementor-element elementor-element-460af60 sc_fly_static elementor-widget elementor-widget-heading\" data-id=\"460af60\" data-element_type=\"widget\" data-e-type=\"widget\" data-widget_type=\"heading.default\">\n\t\t\t\t<div class=\"elementor-widget-container\">\n\t\t\t\t\t<h6 class=\"elementor-heading-title elementor-size-default\">Country\n<\/h6>\t\t\t\t<\/div>\n\t\t\t\t<\/div>\n\t\t\t\t<div class=\"elementor-element elementor-element-1362116 sc_fly_static elementor-widget elementor-widget-text-editor\" data-id=\"1362116\" data-element_type=\"widget\" data-e-type=\"widget\" data-widget_type=\"text-editor.default\">\n\t\t\t\t<div class=\"elementor-widget-container\">\n\t\t\t\t\t\t\t\t\t<p>Czech Republic<\/p>\t\t\t\t\t\t\t\t<\/div>\n\t\t\t\t<\/div>\n\t\t\t\t<div class=\"elementor-element elementor-element-78564eb elementor-widget-divider--view-line sc_fly_static elementor-widget elementor-widget-divider\" data-id=\"78564eb\" data-element_type=\"widget\" data-e-type=\"widget\" data-widget_type=\"divider.default\">\n\t\t\t\t<div class=\"elementor-widget-container\">\n\t\t\t\t\t\t\t<div class=\"elementor-divider\">\n\t\t\t<span class=\"elementor-divider-separator\">\n\t\t\t\t\t\t<\/span>\n\t\t<\/div>\n\t\t\t\t\t\t<\/div>\n\t\t\t\t<\/div>\n\t\t\t\t<div class=\"elementor-element elementor-element-773f0c4 sc_fly_static elementor-widget elementor-widget-heading\" data-id=\"773f0c4\" data-element_type=\"widget\" data-e-type=\"widget\" data-widget_type=\"heading.default\">\n\t\t\t\t<div class=\"elementor-widget-container\">\n\t\t\t\t\t<h6 class=\"elementor-heading-title elementor-size-default\">Official website\n<\/h6>\t\t\t\t<\/div>\n\t\t\t\t<\/div>\n\t\t\t\t<div class=\"elementor-element elementor-element-7a16f0f sc_fly_static elementor-widget elementor-widget-text-editor\" data-id=\"7a16f0f\" data-element_type=\"widget\" data-e-type=\"widget\" data-widget_type=\"text-editor.default\">\n\t\t\t\t<div class=\"elementor-widget-container\">\n\t\t\t\t\t\t\t\t\t<p><a href=\"https:\/\/luvo.cz\/\" target=\"_blank\" rel=\"noopener\">Luvo.cz<\/a><\/p>\t\t\t\t\t\t\t\t<\/div>\n\t\t\t\t<\/div>\n\t\t\t\t<div class=\"elementor-element elementor-element-1bceebd elementor-widget-divider--view-line sc_fly_static elementor-widget elementor-widget-divider\" data-id=\"1bceebd\" data-element_type=\"widget\" data-e-type=\"widget\" data-widget_type=\"divider.default\">\n\t\t\t\t<div class=\"elementor-widget-container\">\n\t\t\t\t\t\t\t<div class=\"elementor-divider\">\n\t\t\t<span class=\"elementor-divider-separator\">\n\t\t\t\t\t\t<\/span>\n\t\t<\/div>\n\t\t\t\t\t\t<\/div>\n\t\t\t\t<\/div>\n\t\t\t\t\t<\/div>\n\t\t\t\t<\/div>\n\t\t<div class=\"elementor-element elementor-element-cc34352 sc_layouts_hide_on_wide sc_layouts_hide_on_desktop sc_layouts_hide_on_notebook sc_layouts_hide_on_tablet e-flex e-con-boxed sc_layouts_column_icons_position_left e-con e-parent\" data-id=\"cc34352\" data-element_type=\"container\" data-e-type=\"container\">\n\t\t\t\t\t<div class=\"e-con-inner\">\n\t\t\t\t<div class=\"elementor-element elementor-element-0d0a2c4 sc_fly_static elementor-widget elementor-widget-text-editor\" data-id=\"0d0a2c4\" data-element_type=\"widget\" data-e-type=\"widget\" data-widget_type=\"text-editor.default\">\n\t\t\t\t<div class=\"elementor-widget-container\">\n\t\t\t\t\t\t\t\t\t<p>\u010cesk\u00e1 zbrojovka a.s. (CZ) is a world-renowned firearms manufacturer based in Uhersk\u00fd Brod, Czech Republic, with a rich heritage dating back to 1936. As a leading name in the industry, CZ specializes in the development and production of high-quality firearms for hunting, sport shooting, and armed forces worldwide. With a workforce of approximately 1,800 dedicated professionals, they combine tradition, innovation, and precision engineering to deliver exceptional products that meet the needs of enthusiasts and professionals alike.<\/p><p>Part of the Colt CZ Group SE, CZ exports its firearms to over 90 countries, establishing itself as one of the top small arms manufacturers globally. Their diverse portfolio includes iconic pistols like the CZ 75 and CZ P-10 series, advanced rifles such as the CZ 600 and CZ 457 lines, and military-grade solutions like the CZ BREN 2 assault rifle.\u00a0<\/p><p>For generations, CZ has been a trusted partner for those who demand excellence, whether in the field, on the range, or in service.<\/p>\t\t\t\t\t\t\t\t<\/div>\n\t\t\t\t<\/div>\n\t\t\t\t\t<\/div>\n\t\t\t\t<\/div>\n\t\t<div class=\"e-con-with-custom-width elementor-element elementor-element-ac2a51f e-grid sc_layouts_hide_on_mobile e-con-boxed sc_layouts_column_icons_position_left e-con e-parent\" data-id=\"ac2a51f\" data-element_type=\"container\" data-e-type=\"container\">\n\t\t\t\t\t<div class=\"e-con-inner\">\n\t\t<div class=\"elementor-element elementor-element-3da1ee7 e-grid e-con-full sc_layouts_column_icons_position_left e-con e-child\" data-id=\"3da1ee7\" data-element_type=\"container\" data-e-type=\"container\">\n\t\t\t\t<div class=\"elementor-element elementor-element-109a0d8 sc_fly_static elementor-widget elementor-widget-image\" data-id=\"109a0d8\" data-element_type=\"widget\" data-e-type=\"widget\" data-widget_type=\"image.default\">\n\t\t\t\t<div class=\"elementor-widget-container\">\n\t\t\t\t\t\t\t\t\t\t\t\t\t\t\t<img fetchpriority=\"high\" decoding=\"async\" width=\"300\" height=\"224\" src=\"https:\/\/keronarms.am\/wp-content\/uploads\/2025\/03\/CZ-Ceska-zbrojovka_Logo-3-300x224.jpg\" class=\"attachment-medium size-medium wp-image-54086\" alt=\"CZ (\u010cesk\u00e1 zbrojovka) Logo\" srcset=\"https:\/\/keronarms.am\/wp-content\/uploads\/2025\/03\/CZ-Ceska-zbrojovka_Logo-3-300x224.jpg 300w, https:\/\/keronarms.am\/wp-content\/uploads\/2025\/03\/CZ-Ceska-zbrojovka_Logo-3-370x277.jpg 370w, https:\/\/keronarms.am\/wp-content\/uploads\/2025\/03\/CZ-Ceska-zbrojovka_Logo-3-410x307.jpg 410w, https:\/\/keronarms.am\/wp-content\/uploads\/2025\/03\/CZ-Ceska-zbrojovka_Logo-3.jpg 500w\" sizes=\"(max-width: 300px) 100vw, 300px\" \/>\t\t\t\t\t\t\t\t\t\t\t\t\t\t\t<\/div>\n\t\t\t\t<\/div>\n\t\t\t\t<div class=\"elementor-element elementor-element-c87573d sc_fly_static elementor-widget elementor-widget-heading\" data-id=\"c87573d\" data-element_type=\"widget\" data-e-type=\"widget\" data-widget_type=\"heading.default\">\n\t\t\t\t<div class=\"elementor-widget-container\">\n\t\t\t\t\t<h6 class=\"elementor-heading-title elementor-size-default\">Company name:\n<\/h6>\t\t\t\t<\/div>\n\t\t\t\t<\/div>\n\t\t\t\t<div class=\"elementor-element elementor-element-8e6fd3a sc_fly_static elementor-widget elementor-widget-text-editor\" data-id=\"8e6fd3a\" data-element_type=\"widget\" data-e-type=\"widget\" data-widget_type=\"text-editor.default\">\n\t\t\t\t<div class=\"elementor-widget-container\">\n\t\t\t\t\t\t\t\t\tCeska zbrojovka as (CZ)\t\t\t\t\t\t\t\t<\/div>\n\t\t\t\t<\/div>\n\t\t\t\t<div class=\"elementor-element elementor-element-c183b79 sc_fly_static elementor-widget elementor-widget-heading\" data-id=\"c183b79\" data-element_type=\"widget\" data-e-type=\"widget\" data-widget_type=\"heading.default\">\n\t\t\t\t<div class=\"elementor-widget-container\">\n\t\t\t\t\t<h6 class=\"elementor-heading-title elementor-size-default\">Year of foundation:<\/h6>\t\t\t\t<\/div>\n\t\t\t\t<\/div>\n\t\t\t\t<div class=\"elementor-element elementor-element-0577d99 sc_fly_static elementor-widget elementor-widget-text-editor\" data-id=\"0577d99\" data-element_type=\"widget\" data-e-type=\"widget\" data-widget_type=\"text-editor.default\">\n\t\t\t\t<div class=\"elementor-widget-container\">\n\t\t\t\t\t\t\t\t\t<p>1936<\/p>\t\t\t\t\t\t\t\t<\/div>\n\t\t\t\t<\/div>\n\t\t\t\t<div class=\"elementor-element elementor-element-2cd3177 sc_fly_static elementor-widget elementor-widget-heading\" data-id=\"2cd3177\" data-element_type=\"widget\" data-e-type=\"widget\" data-widget_type=\"heading.default\">\n\t\t\t\t<div class=\"elementor-widget-container\">\n\t\t\t\t\t<h6 class=\"elementor-heading-title elementor-size-default\">Country:\n<\/h6>\t\t\t\t<\/div>\n\t\t\t\t<\/div>\n\t\t\t\t<div class=\"elementor-element elementor-element-6f82c74 sc_fly_static elementor-widget elementor-widget-text-editor\" data-id=\"6f82c74\" data-element_type=\"widget\" data-e-type=\"widget\" data-widget_type=\"text-editor.default\">\n\t\t\t\t<div class=\"elementor-widget-container\">\n\t\t\t\t\t\t\t\t\t<p>Czech Republic<\/p>\t\t\t\t\t\t\t\t<\/div>\n\t\t\t\t<\/div>\n\t\t\t\t<div class=\"elementor-element elementor-element-53cc827 sc_fly_static elementor-widget elementor-widget-heading\" data-id=\"53cc827\" data-element_type=\"widget\" data-e-type=\"widget\" data-widget_type=\"heading.default\">\n\t\t\t\t<div class=\"elementor-widget-container\">\n\t\t\t\t\t<h6 class=\"elementor-heading-title elementor-size-default\">Official website:\n<\/h6>\t\t\t\t<\/div>\n\t\t\t\t<\/div>\n\t\t\t\t<div class=\"elementor-element elementor-element-d848d5f sc_fly_static elementor-widget elementor-widget-text-editor\" data-id=\"d848d5f\" data-element_type=\"widget\" data-e-type=\"widget\" data-widget_type=\"text-editor.default\">\n\t\t\t\t<div class=\"elementor-widget-container\">\n\t\t\t\t\t\t\t\t\t<p><a href=\"https:\/\/www.czub.cz\/en\/\" target=\"_blank\" rel=\"noopener\">Czub.cz\/en\/<\/a><\/p>\t\t\t\t\t\t\t\t<\/div>\n\t\t\t\t<\/div>\n\t\t\t\t<\/div>\n\t\t<div class=\"elementor-element elementor-element-16f8e1d e-grid e-con-full sc_layouts_column_icons_position_left e-con e-child\" data-id=\"16f8e1d\" data-element_type=\"container\" data-e-type=\"container\">\n\t\t\t\t<div class=\"elementor-element elementor-element-c899ef4 sc_fly_static elementor-widget elementor-widget-text-editor\" data-id=\"c899ef4\" data-element_type=\"widget\" data-e-type=\"widget\" data-widget_type=\"text-editor.default\">\n\t\t\t\t<div class=\"elementor-widget-container\">\n\t\t\t\t\t\t\t\t\t<p>\u010cesk\u00e1 zbrojovka a.s. (CZ) is a world-renowned firearms manufacturer based in Uhersk\u00fd Brod, Czech Republic, with a rich heritage dating back to 1936. As a leading name in the industry, CZ specializes in the development and production of high-quality firearms for hunting, sport shooting, and armed forces worldwide. With a workforce of approximately 1,800 dedicated professionals, they combine tradition, innovation, and precision engineering to deliver exceptional products that meet the needs of enthusiasts and professionals alike.<\/p><p>Part of the Colt CZ Group SE, CZ exports its firearms to over 90 countries, establishing itself as one of the top small arms manufacturers globally. Their diverse portfolio includes iconic pistols like the CZ 75 and CZ P-10 series, advanced rifles such as the CZ 600 and CZ 457 lines, and military-grade solutions like the CZ BREN 2 assault rifle.\u00a0<\/p><p>For generations, CZ has been a trusted partner for those who demand excellence, whether in the field, on the range, or in service.<\/p>\t\t\t\t\t\t\t\t<\/div>\n\t\t\t\t<\/div>\n\t\t\t\t<\/div>\n\t\t\t\t\t<\/div>\n\t\t\t\t<\/div>\n\t\t<div class=\"elementor-element elementor-element-c59696a e-flex e-con-boxed sc_layouts_column_icons_position_left e-con e-parent\" data-id=\"c59696a\" data-element_type=\"container\" data-e-type=\"container\">\n\t\t\t\t\t<div class=\"e-con-inner\">\n\t\t\t\t<div class=\"elementor-element elementor-element-10dbac1 sc_fly_static elementor-widget elementor-widget-rtsb-products-slider\" data-id=\"10dbac1\" data-element_type=\"widget\" data-e-type=\"widget\" data-widget_type=\"rtsb-products-slider.default\">\n\t\t\t\t<div class=\"elementor-widget-container\">\n\t\t\t\t\t<div id=\"rtsb-container-1267401535\" class=\"rtsb-elementor-container products rtsb-pos-r rtsb-products-container no-clear-btn rtsb-no-pagination badge-top badge-left no-cart-text img-hover-none gallery-hover-fade excerpt-below no-compare-icon no-quick-view-icon no-wishlist-icon no-quick_checkout-icon\" style=\"--rtsb-default-columns: 4; --rtsb-products-per-column: 3\" data-layout=\"slider-layout1\" data-tooltip-position=\"top\"><div class=\"rtsb-row rtsb-content-loader element-loading rtsb-slider-layout1 rtsb-even rtsb-pre-loader\"><div class=\"rtsb-col-grid rtsb-carousel-slider slider-loading rtsb-pos-s standard-nav no-dot has-nav\" data-options=\"{&quot;slidesPerView&quot;:4,&quot;slidesPerGroup&quot;:1,&quot;speed&quot;:1000,&quot;loop&quot;:false,&quot;autoHeight&quot;:false,&quot;preloadImages&quot;:true,&quot;lazy&quot;:false,&quot;breakpoints&quot;:{&quot;0&quot;:{&quot;slidesPerView&quot;:1,&quot;slidesPerGroup&quot;:1,&quot;grid&quot;:{&quot;rows&quot;:1},&quot;pagination&quot;:{&quot;dynamicBullets&quot;:false}},&quot;768&quot;:{&quot;slidesPerView&quot;:2,&quot;slidesPerGroup&quot;:2,&quot;pagination&quot;:{&quot;dynamicBullets&quot;:false}},&quot;1280&quot;:{&quot;slidesPerView&quot;:4,&quot;slidesPerGroup&quot;:1,&quot;pagination&quot;:{&quot;dynamicBullets&quot;:false}},&quot;1367&quot;:{&quot;slidesPerView&quot;:4,&quot;slidesPerGroup&quot;:1,&quot;pagination&quot;:{&quot;dynamicBullets&quot;:false}}},&quot;autoplay&quot;:{&quot;delay&quot;:5000,&quot;pauseOnMouseEnter&quot;:true,&quot;disableOnInteraction&quot;:false},&quot;grid&quot;:{&quot;rows&quot;:1,&quot;fill&quot;:&quot;row&quot;}}\"><div class=\"swiper-wrapper\">\n<div class=\"rtsb-col-grid rtsb-col-full rtsb-slide-item swiper-slide row-last mobile-row-last rtsb-product animated rtFadeIn no-qc-title product type-product post-53300 status-publish first instock product_cat-handguns product_tag-cz-en has-post-thumbnail shipping-taxable purchasable product-type-simple product_style_plain\" data-id=\"53300\">\n\t\n\t<div class=\"rtsb-grid-item\">\n\t\t<div class=\"rtsb-product-img\">\n\t\t\t\t\t\t\t<figure>\n\t\t\t\t\t<a class=\"woocommerce-LoopProduct-link rtsb-img-link\"\n\t\t\t\t\t   href=\"https:\/\/keronarms.am\/en\/product\/cz-shadow-2\/\"\n\t\t\t\t\t   aria-label=\"Image link for Product: Ceska zbrojovka as (CZ)\">\n\t\t\t\t\t\t<img decoding=\"async\" width=\"630\" height=\"630\" src=\"https:\/\/keronarms.am\/wp-content\/uploads\/2024\/07\/01-630x630.jpg\" class=\"img-responsive rtsb-product-image\" alt=\"CZ SHADOW 2\" srcset=\"https:\/\/keronarms.am\/wp-content\/uploads\/2024\/07\/01-630x630.jpg 630w, https:\/\/keronarms.am\/wp-content\/uploads\/2024\/07\/01-300x300.jpg 300w, https:\/\/keronarms.am\/wp-content\/uploads\/2024\/07\/01-150x150.jpg 150w, https:\/\/keronarms.am\/wp-content\/uploads\/2024\/07\/01-768x768.jpg 768w, https:\/\/keronarms.am\/wp-content\/uploads\/2024\/07\/01-370x370.jpg 370w, https:\/\/keronarms.am\/wp-content\/uploads\/2024\/07\/01-120x120.jpg 120w, https:\/\/keronarms.am\/wp-content\/uploads\/2024\/07\/01-840x840.jpg 840w, https:\/\/keronarms.am\/wp-content\/uploads\/2024\/07\/01-410x410.jpg 410w, https:\/\/keronarms.am\/wp-content\/uploads\/2024\/07\/01-600x600.jpg 600w, https:\/\/keronarms.am\/wp-content\/uploads\/2024\/07\/01.jpg 1000w\" sizes=\"(max-width: 630px) 100vw, 630px\" \/>\t\t\t\t\t<\/a>\n\t\t\t\t<\/figure>\n\n\t\t\t\t<div class=\"rtsb-action-buttons rtsb-action-buttons-cart-box-width-auto horizontal-floating-btn preset1\"><ul class=\"rtsb-action-button-list\"><\/ul><\/div>\t\t<\/div><!-- .rtsb-product-img -->\n\n\t\t<div class=\"rtsb-product-content\">\n\t\t\t\t\t\t\t<div class=\"rtsb-product-title-wrapper title-with-no-swatch\">\n\t\t\t\t\t<h3 class=\"product-title rtsb-text-limit limit-default\">\n\t\t\t\t\t\t\t\t\t\t\t\t\t<a class=\"woocommerce-LoopProduct-link\" href=\"https:\/\/keronarms.am\/en\/product\/cz-shadow-2\/\">CZ SHADOW 2<\/a>\n\t\t\t\t\t\t\t\t\t\t\t\t<\/h3>\n\t\t\t\t\t\t\t\t\t<\/div>\n\t\t\t\t\t\t\t\t<div class=\"product-price rtsb-item-space-between\">\n\t\t\t\t\t<div class=\"price-wrapper\">\n\t\t\t\t\t\t<p class=\"price\"><span class=\"woocommerce-Price-amount amount\"><bdi><span class=\"woocommerce-Price-currencySymbol\">\u058f<\/span>&nbsp;780,000<\/bdi><\/span><\/p>\n\t\t\t\t\t<\/div>\n\t\t\t\t\t\t\t\t\t<\/div>\n\t\t\t\t\t\t<\/div><!-- .rtsb-product-content -->\n\t<\/div><!-- .rtsb-grid-item -->\n\n\t<\/div><!-- .rtsb-product -->\n\n<div class=\"rtsb-col-grid rtsb-col-full rtsb-slide-item swiper-slide row-last tablet-row-last mobile-row-last rtsb-product animated rtFadeIn no-qc-title product type-product post-53298 status-publish instock product_cat-handguns product_tag-cz-en has-post-thumbnail shipping-taxable purchasable product-type-simple product_style_plain\" data-id=\"53298\">\n\t\n\t<div class=\"rtsb-grid-item\">\n\t\t<div class=\"rtsb-product-img\">\n\t\t\t\t\t\t\t<figure>\n\t\t\t\t\t<a class=\"woocommerce-LoopProduct-link rtsb-img-link\"\n\t\t\t\t\t   href=\"https:\/\/keronarms.am\/en\/product\/cz-shadow-2-sa\/\"\n\t\t\t\t\t   aria-label=\"Image link for Product: Ceska zbrojovka as (CZ)\">\n\t\t\t\t\t\t<img decoding=\"async\" width=\"630\" height=\"630\" src=\"https:\/\/keronarms.am\/wp-content\/uploads\/2024\/07\/01-2-630x630.jpg\" class=\"img-responsive rtsb-product-image\" alt=\"CZ SHADOW 2 SA\" srcset=\"https:\/\/keronarms.am\/wp-content\/uploads\/2024\/07\/01-2-630x630.jpg 630w, https:\/\/keronarms.am\/wp-content\/uploads\/2024\/07\/01-2-300x300.jpg 300w, https:\/\/keronarms.am\/wp-content\/uploads\/2024\/07\/01-2-150x150.jpg 150w, https:\/\/keronarms.am\/wp-content\/uploads\/2024\/07\/01-2-768x768.jpg 768w, https:\/\/keronarms.am\/wp-content\/uploads\/2024\/07\/01-2-370x370.jpg 370w, https:\/\/keronarms.am\/wp-content\/uploads\/2024\/07\/01-2-120x120.jpg 120w, https:\/\/keronarms.am\/wp-content\/uploads\/2024\/07\/01-2-840x840.jpg 840w, https:\/\/keronarms.am\/wp-content\/uploads\/2024\/07\/01-2-410x410.jpg 410w, https:\/\/keronarms.am\/wp-content\/uploads\/2024\/07\/01-2-600x600.jpg 600w, https:\/\/keronarms.am\/wp-content\/uploads\/2024\/07\/01-2.jpg 1000w\" sizes=\"(max-width: 630px) 100vw, 630px\" \/>\t\t\t\t\t<\/a>\n\t\t\t\t<\/figure>\n\n\t\t\t\t<div class=\"rtsb-action-buttons rtsb-action-buttons-cart-box-width-auto horizontal-floating-btn preset1\"><ul class=\"rtsb-action-button-list\"><\/ul><\/div>\t\t<\/div><!-- .rtsb-product-img -->\n\n\t\t<div class=\"rtsb-product-content\">\n\t\t\t\t\t\t\t<div class=\"rtsb-product-title-wrapper title-with-no-swatch\">\n\t\t\t\t\t<h3 class=\"product-title rtsb-text-limit limit-default\">\n\t\t\t\t\t\t\t\t\t\t\t\t\t<a class=\"woocommerce-LoopProduct-link\" href=\"https:\/\/keronarms.am\/en\/product\/cz-shadow-2-sa\/\">CZ SHADOW 2 SA<\/a>\n\t\t\t\t\t\t\t\t\t\t\t\t<\/h3>\n\t\t\t\t\t\t\t\t\t<\/div>\n\t\t\t\t\t\t\t\t<div class=\"product-price rtsb-item-space-between\">\n\t\t\t\t\t<div class=\"price-wrapper\">\n\t\t\t\t\t\t<p class=\"price\"><span class=\"woocommerce-Price-amount amount\"><bdi><span class=\"woocommerce-Price-currencySymbol\">\u058f<\/span>&nbsp;780,000<\/bdi><\/span><\/p>\n\t\t\t\t\t<\/div>\n\t\t\t\t\t\t\t\t\t<\/div>\n\t\t\t\t\t\t<\/div><!-- .rtsb-product-content -->\n\t<\/div><!-- .rtsb-grid-item -->\n\n\t<\/div><!-- .rtsb-product -->\n<\/div><!-- .swiper-wrapper --><div class=\"swiper-nav\">\n\t\t\t\t\t<div class=\"swiper-arrow swiper-button-next\">\n\t\t\t\t\t\t<i aria-hidden=\"true\" class=\"fas fa-chevron-right\"><\/i>\n\t\t\t\t\t<\/div>\n\t\t\t\t\t<div class=\"swiper-arrow swiper-button-prev\">\n\t\t\t\t\t\t<i aria-hidden=\"true\" class=\"fas fa-chevron-left\"><\/i>\n\t\t\t\t\t<\/div>\n\t\t\t\t<\/div><\/div><!-- .rtsb-carousel-slider --><\/div><!-- .rtsb-row --><div class=\"rtsb-elements-loading rtsb-ball-clip-rotate\"><div><\/div><\/div><\/div><!-- .rtsb-elementor-container -->\t\t\t\t<\/div>\n\t\t\t\t<\/div>\n\t\t\t\t\t<\/div>\n\t\t\t\t<\/div>\n\t\t\t\t<\/div>\n\t\t","protected":false},"excerpt":{"rendered":"<p>Company name \u010cesk\u00e1 zbrojovka a.s. (CZ) Year of foundation 1919 Country Czech Republic Official website Luvo.cz \u010cesk\u00e1 zbrojovka a.s. (CZ) is a world-renowned firearms manufacturer based in Uhersk\u00fd Brod, Czech&hellip;<\/p>\n","protected":false},"author":1,"featured_media":0,"parent":0,"menu_order":0,"comment_status":"closed","ping_status":"closed","template":"elementor_header_footer","meta":{"_monsterinsights_skip_tracking":false,"_monsterinsights_sitenote_active":false,"_monsterinsights_sitenote_note":"","_monsterinsights_sitenote_category":0,"footnotes":""},"class_list":["post-54449","page","type-page","status-publish","hentry"],"aioseo_notices":[],"_links":{"self":[{"href":"https:\/\/keronarms.am\/en\/wp-json\/wp\/v2\/pages\/54449","targetHints":{"allow":["GET"]}}],"collection":[{"href":"https:\/\/keronarms.am\/en\/wp-json\/wp\/v2\/pages"}],"about":[{"href":"https:\/\/keronarms.am\/en\/wp-json\/wp\/v2\/types\/page"}],"author":[{"embeddable":true,"href":"https:\/\/keronarms.am\/en\/wp-json\/wp\/v2\/users\/1"}],"replies":[{"embeddable":true,"href":"https:\/\/keronarms.am\/en\/wp-json\/wp\/v2\/comments?post=54449"}],"version-history":[{"count":10,"href":"https:\/\/keronarms.am\/en\/wp-json\/wp\/v2\/pages\/54449\/revisions"}],"predecessor-version":[{"id":54709,"href":"https:\/\/keronarms.am\/en\/wp-json\/wp\/v2\/pages\/54449\/revisions\/54709"}],"wp:attachment":[{"href":"https:\/\/keronarms.am\/en\/wp-json\/wp\/v2\/media?parent=54449"}],"curies":[{"name":"wp","href":"https:\/\/api.w.org\/{rel}","templated":true}]}}